{"id":1782,"date":"2023-01-27T10:59:41","date_gmt":"2023-01-27T13:59:41","guid":{"rendered":"https:\/\/viajandoeclicando.com.br\/?page_id=1782"},"modified":"2023-01-27T10:59:41","modified_gmt":"2023-01-27T13:59:41","slug":"africa-do-sul","status":"publish","type":"page","link":"https:\/\/viajandoeclicando.com.br\/index.php\/africa-do-sul\/","title":{"rendered":"\u00c1frica do Sul"},"content":{"rendered":"\n<p>A \u00c1frica do Sul \u00e9 um pa\u00eds situado na extremidade sul do continente africano e marcado por v\u00e1rios ecossistemas diferentes. O Parque Nacional Kruger, um destino para saf\u00e1ri no interior do pa\u00eds, \u00e9 repleto de animais de grande porte. A prov\u00edncia de Cabo Ocidental tem praias, vin\u00edcolas exuberantes perto de Stellenbosch e Paarl, colinas escarpadas no Cabo da Boa Esperan\u00e7a, florestas e lagoas ao longo da Tuinroete (rota dos jardins) e a Cidade do Cabo, que fica ao p\u00e9 da montanha da Mesa, de topo achatado.&nbsp;\u2015&nbsp;Google<\/p>\n\n\n\n<p><a href=\"https:\/\/www.google.com\/search?sxsrf=AJOqlzVMdAtzlgthzv-47BTJDp1HmO1kuw:1674827794697&amp;q=%C3%A1frica+do+sul+capitais&amp;stick=H4sIAAAAAAAAAOPgE-LQz9U3yKjKqdKSyU620s_JT04syczP00_OL80rKaq0Sk4syCxJzFnEKn54YVpRZnKiQkq-QnFpjgJEIrMYAFidHa9EAAAA&amp;sa=X&amp;ved=2ahUKEwj154ze8-f8AhWIqpUCHZ_-DwkQ6BMoAHoECHoQAg\">Capitais<\/a>:&nbsp;<a href=\"https:\/\/www.google.com\/search?sxsrf=AJOqlzVMdAtzlgthzv-47BTJDp1HmO1kuw:1674827794697&amp;q=Cidade+do+Cabo&amp;stick=H4sIAAAAAAAAAOPgE-LQz9U3yKjKqVICswwrs4y0ZLKTrfRz8pMTSzLz8_ST80vzSooqrZITCzJLEnMWsfI5Z6YkpqQqpOQrOCcm5e9gZdzFzsTBCAACarQDTQAAAA&amp;sa=X&amp;ved=2ahUKEwj154ze8-f8AhWIqpUCHZ_-DwkQmxMoAXoECHoQAw\">Cidade do Cabo<\/a>,&nbsp;<a href=\"https:\/\/www.google.com\/search?sxsrf=AJOqlzVMdAtzlgthzv-47BTJDp1HmO1kuw:1674827794697&amp;q=Pret%C3%B3ria&amp;stick=H4sIAAAAAAAAAOPgE-LQz9U3yKjKqVICs8zMq0y0ZLKTrfRz8pMTSzLz8_ST80vzSooqrZITCzJLEnMWsXIGFKWWHN5clJm4g5VxFzsTByMAvx_M-0gAAAA&amp;sa=X&amp;ved=2ahUKEwj154ze8-f8AhWIqpUCHZ_-DwkQmxMoAnoECHoQBA\">Pret\u00f3ria<\/a>,&nbsp;<a href=\"https:\/\/www.google.com\/search?sxsrf=AJOqlzVMdAtzlgthzv-47BTJDp1HmO1kuw:1674827794697&amp;q=Bloemfontein&amp;stick=H4sIAAAAAAAAAOPgE-LQz9U3yKjKqVICs5JNLC21ZLKTrfRz8pMTSzLz8_ST80vzSooqrZITCzJLEnMWsfI45eSn5qbl55WkZubtYGXcxc7EwQgAPGyOUEsAAAA&amp;sa=X&amp;ved=2ahUKEwj154ze8-f8AhWIqpUCHZ_-DwkQmxMoA3oECHoQBQ\">Bloemfontein<\/a><\/p>\n\n\n\n<p><a href=\"https:\/\/www.google.com\/search?sxsrf=AJOqlzVMdAtzlgthzv-47BTJDp1HmO1kuw:1674827794697&amp;q=%C3%A1frica+do+sul+c%C3%B3digo+de+discagem&amp;stick=H4sIAAAAAAAAAOPgE-LQz9U3yKjKqdJSzE620s_JT04syczP00_OL80rKaq0SslMzMnMS1dIzk9JXcSqdHhhWlFmcqJCSr5CcWmOQvLhzSmZ6fkKKakKKZnFyYnpqbkAURHKSlQAAAA&amp;sa=X&amp;ved=2ahUKEwj154ze8-f8AhWIqpUCHZ_-DwkQ6BMoAHoECHwQAg\">C\u00f3digo de discagem<\/a>:&nbsp;+27<\/p>\n\n\n\n<p><a href=\"https:\/\/www.google.com\/search?sxsrf=AJOqlzVMdAtzlgthzv-47BTJDp1HmO1kuw:1674827794697&amp;q=%C3%A1frica+do+sul+popula%C3%A7%C3%A3o&amp;stick=H4sIAAAAAAAAAOPgE-LQz9U3yKjKqdIyS0m20s9JTU9MroxPTixKscrJT04syczPiy8uAdLFJZnJiTnxRanpIKGC_ILSHLDsIlapwwvTioCSCin5CsWlOQoQucPLDy_OBwDzlLggYQAAAA&amp;sa=X&amp;ved=2ahUKEwj154ze8-f8AhWIqpUCHZ_-DwkQ6BMoAHoECG8QAg\">Popula\u00e7\u00e3o<\/a>:&nbsp;59,39&nbsp;milh\u00f5es (2021)&nbsp;<a href=\"http:\/\/datatopics.worldbank.org\/world-development-indicators\">Banco Mundial<\/a><\/p>\n\n\n\n<p><a href=\"https:\/\/www.google.com\/search?sxsrf=AJOqlzVMdAtzlgthzv-47BTJDp1HmO1kuw:1674827794697&amp;q=%C3%A1frica+do+sul+produto+interno+bruto&amp;stick=H4sIAAAAAAAAAOPgE-LQz9U3yKjKqdIyT0m20s9JTU9MroxPTixKscrJT04syczPiy8uAdLFJZnJiTnxRanpIKH0lIL4vPzczLzEnEWsKocXphUBZRVS8hWKS3MUCoryU0pL8hUy80pSi_LyFZKKgDwA2DcFGmwAAAA&amp;sa=X&amp;ved=2ahUKEwj154ze8-f8AhWIqpUCHZ_-DwkQ6BMoAHoECHkQAg\">Produto Interno Bruto<\/a>:&nbsp;419&nbsp;bilh\u00f5es USD (2021)&nbsp;<a href=\"http:\/\/datatopics.worldbank.org\/world-development-indicators\">Banco Mundial<\/a><\/p>\n\n\n\n<p><a href=\"https:\/\/www.google.com\/search?sxsrf=AJOqlzVMdAtzlgthzv-47BTJDp1HmO1kuw:1674827794697&amp;q=%C3%A1frica+do+sul+continente&amp;stick=H4sIAAAAAAAAAOPgE-LQz9U3yKjKqdKSy0620s_JT04syczP00_OL80rKaq0Ss7PK8nMS80rWcQqeXhhWlFmcqJCSr5CcWmOAlwqFQAq-Lb-SAAAAA&amp;sa=X&amp;ved=2ahUKEwj154ze8-f8AhWIqpUCHZ_-DwkQ6BMoAHoECG0QAg\">Continente<\/a>:&nbsp;<a href=\"https:\/\/www.google.com\/search?sxsrf=AJOqlzVMdAtzlgthzv-47BTJDp1HmO1kuw:1674827794697&amp;q=%C3%81frica&amp;stick=H4sIAAAAAAAAAOPgE-LQz9U3yKjKqVLiBLFS0o3zDLXkspOt9HPykxNLMvPz9JPzS_NKiiqtkvPzSjLzUvNKFrGyH25MK8pMTtzByriLnYmDAQDBdvpFSQAAAA&amp;sa=X&amp;ved=2ahUKEwj154ze8-f8AhWIqpUCHZ_-DwkQmxMoAXoECG0QAw\">\u00c1frica<\/a><\/p>\n\n\n\n<p><a href=\"https:\/\/www.google.com\/search?sxsrf=AJOqlzVMdAtzlgthzv-47BTJDp1HmO1kuw:1674827794697&amp;q=%C3%A1frica+do+sul+idiomas+oficiais&amp;stick=H4sIAAAAAAAAAOPgE-LQz9U3yKjKqdKSzU620s_JT04syczP00_OL80rKaq0yknMSy9NTE9dxCp_eGFaUWZyokJKvkJxaY5CZkpmfm5isUJ-WmZyZmJmMQB6bNj1TQAAAA&amp;sa=X&amp;ved=2ahUKEwj154ze8-f8AhWIqpUCHZ_-DwkQ6BMoAHoECGkQAg\">Idiomas oficiais<\/a>:&nbsp;Afric\u00e2ner, Ingl\u00eas, Xhosa, Zulu, Soto do sul, Tswana, Soto setentrional, Tsonga, Venda, Su\u00e1zi, Ndebele do sul<\/p>\n","protected":false},"excerpt":{"rendered":"<p>A \u00c1frica do Sul \u00e9 um pa\u00eds situado na extremidade sul do continente africano e marcado por v\u00e1rios ecossistemas diferentes. O Parque Nacional Kruger, um destino para saf\u00e1ri no interior do pa\u00eds, \u00e9 repleto de animais de grande porte. A prov\u00edncia de Cabo Ocidental tem praias, vin\u00edcolas exuberantes perto de Stellenbosch e Paarl, colinas escarpadas no Cabo da Boa Esperan\u00e7a, florestas e lagoas ao longo da Tuinroete (rota dos jardins) e a Cidade do Cabo,<\/p>\n","protected":false},"author":5,"featured_media":0,"parent":0,"menu_order":0,"comment_status":"closed","ping_status":"closed","template":"","meta":{"colormag_page_container_layout":"default_layout","colormag_page_sidebar_layout":"default_layout","footnotes":""},"class_list":["post-1782","page","type-page","status-publish","hentry"],"yoast_head":"<!-- This site is optimized with the Yoast SEO plugin v26.5 - https:\/\/yoast.com\/wordpress\/plugins\/seo\/ -->\n<title>\u00c1frica do Sul - Viajando e Clicando<\/title>\n<meta name=\"robots\" content=\"index, follow, max-snippet:-1, max-image-preview:large, max-video-preview:-1\" \/>\n<link rel=\"canonical\" href=\"https:\/\/viajandoeclicando.com.br\/index.php\/africa-do-sul\/\" \/>\n<meta property=\"og:locale\" content=\"pt_BR\" \/>\n<meta property=\"og:type\" content=\"article\" \/>\n<meta property=\"og:title\" content=\"\u00c1frica do Sul - Viajando e Clicando\" \/>\n<meta property=\"og:description\" content=\"A \u00c1frica do Sul \u00e9 um pa\u00eds situado na extremidade sul do continente africano e marcado por v\u00e1rios ecossistemas diferentes. O Parque Nacional Kruger, um destino para saf\u00e1ri no interior do pa\u00eds, \u00e9 repleto de animais de grande porte. A prov\u00edncia de Cabo Ocidental tem praias, vin\u00edcolas exuberantes perto de Stellenbosch e Paarl, colinas escarpadas no Cabo da Boa Esperan\u00e7a, florestas e lagoas ao longo da Tuinroete (rota dos jardins) e a Cidade do Cabo,\" \/>\n<meta property=\"og:url\" content=\"https:\/\/viajandoeclicando.com.br\/index.php\/africa-do-sul\/\" \/>\n<meta property=\"og:site_name\" content=\"Viajando e Clicando\" \/>\n<meta name=\"twitter:card\" content=\"summary_large_image\" \/>\n<meta name=\"twitter:label1\" content=\"Est. tempo de leitura\" \/>\n\t<meta name=\"twitter:data1\" content=\"1 minuto\" \/>\n<script type=\"application\/ld+json\" class=\"yoast-schema-graph\">{\"@context\":\"https:\/\/schema.org\",\"@graph\":[{\"@type\":\"WebPage\",\"@id\":\"https:\/\/viajandoeclicando.com.br\/index.php\/africa-do-sul\/\",\"url\":\"https:\/\/viajandoeclicando.com.br\/index.php\/africa-do-sul\/\",\"name\":\"\u00c1frica do Sul - Viajando e Clicando\",\"isPartOf\":{\"@id\":\"https:\/\/viajandoeclicando.com.br\/#website\"},\"datePublished\":\"2023-01-27T13:59:41+00:00\",\"breadcrumb\":{\"@id\":\"https:\/\/viajandoeclicando.com.br\/index.php\/africa-do-sul\/#breadcrumb\"},\"inLanguage\":\"pt-BR\",\"potentialAction\":[{\"@type\":\"ReadAction\",\"target\":[\"https:\/\/viajandoeclicando.com.br\/index.php\/africa-do-sul\/\"]}]},{\"@type\":\"BreadcrumbList\",\"@id\":\"https:\/\/viajandoeclicando.com.br\/index.php\/africa-do-sul\/#breadcrumb\",\"itemListElement\":[{\"@type\":\"ListItem\",\"position\":1,\"name\":\"In\u00edcio\",\"item\":\"https:\/\/viajandoeclicando.com.br\/\"},{\"@type\":\"ListItem\",\"position\":2,\"name\":\"\u00c1frica do Sul\"}]},{\"@type\":\"WebSite\",\"@id\":\"https:\/\/viajandoeclicando.com.br\/#website\",\"url\":\"https:\/\/viajandoeclicando.com.br\/\",\"name\":\"Viajando e Clicando\",\"description\":\"Viagens e muitos cliques!\",\"publisher\":{\"@id\":\"https:\/\/viajandoeclicando.com.br\/#organization\"},\"potentialAction\":[{\"@type\":\"SearchAction\",\"target\":{\"@type\":\"EntryPoint\",\"urlTemplate\":\"https:\/\/viajandoeclicando.com.br\/?s={search_term_string}\"},\"query-input\":{\"@type\":\"PropertyValueSpecification\",\"valueRequired\":true,\"valueName\":\"search_term_string\"}}],\"inLanguage\":\"pt-BR\"},{\"@type\":\"Organization\",\"@id\":\"https:\/\/viajandoeclicando.com.br\/#organization\",\"name\":\"Viajando e Clicando\",\"url\":\"https:\/\/viajandoeclicando.com.br\/\",\"logo\":{\"@type\":\"ImageObject\",\"inLanguage\":\"pt-BR\",\"@id\":\"https:\/\/viajandoeclicando.com.br\/#\/schema\/logo\/image\/\",\"url\":\"https:\/\/viajandoeclicando.com.br\/wp-content\/uploads\/2025\/12\/cropped-banner_viajandoClicando-site-2026.png\",\"contentUrl\":\"https:\/\/viajandoeclicando.com.br\/wp-content\/uploads\/2025\/12\/cropped-banner_viajandoClicando-site-2026.png\",\"width\":253,\"height\":90,\"caption\":\"Viajando e Clicando\"},\"image\":{\"@id\":\"https:\/\/viajandoeclicando.com.br\/#\/schema\/logo\/image\/\"}}]}<\/script>\n<!-- \/ Yoast SEO plugin. -->","yoast_head_json":{"title":"\u00c1frica do Sul - Viajando e Clicando","robots":{"index":"index","follow":"follow","max-snippet":"max-snippet:-1","max-image-preview":"max-image-preview:large","max-video-preview":"max-video-preview:-1"},"canonical":"https:\/\/viajandoeclicando.com.br\/index.php\/africa-do-sul\/","og_locale":"pt_BR","og_type":"article","og_title":"\u00c1frica do Sul - Viajando e Clicando","og_description":"A \u00c1frica do Sul \u00e9 um pa\u00eds situado na extremidade sul do continente africano e marcado por v\u00e1rios ecossistemas diferentes. O Parque Nacional Kruger, um destino para saf\u00e1ri no interior do pa\u00eds, \u00e9 repleto de animais de grande porte. A prov\u00edncia de Cabo Ocidental tem praias, vin\u00edcolas exuberantes perto de Stellenbosch e Paarl, colinas escarpadas no Cabo da Boa Esperan\u00e7a, florestas e lagoas ao longo da Tuinroete (rota dos jardins) e a Cidade do Cabo,","og_url":"https:\/\/viajandoeclicando.com.br\/index.php\/africa-do-sul\/","og_site_name":"Viajando e Clicando","twitter_card":"summary_large_image","twitter_misc":{"Est. tempo de leitura":"1 minuto"},"schema":{"@context":"https:\/\/schema.org","@graph":[{"@type":"WebPage","@id":"https:\/\/viajandoeclicando.com.br\/index.php\/africa-do-sul\/","url":"https:\/\/viajandoeclicando.com.br\/index.php\/africa-do-sul\/","name":"\u00c1frica do Sul - Viajando e Clicando","isPartOf":{"@id":"https:\/\/viajandoeclicando.com.br\/#website"},"datePublished":"2023-01-27T13:59:41+00:00","breadcrumb":{"@id":"https:\/\/viajandoeclicando.com.br\/index.php\/africa-do-sul\/#breadcrumb"},"inLanguage":"pt-BR","potentialAction":[{"@type":"ReadAction","target":["https:\/\/viajandoeclicando.com.br\/index.php\/africa-do-sul\/"]}]},{"@type":"BreadcrumbList","@id":"https:\/\/viajandoeclicando.com.br\/index.php\/africa-do-sul\/#breadcrumb","itemListElement":[{"@type":"ListItem","position":1,"name":"In\u00edcio","item":"https:\/\/viajandoeclicando.com.br\/"},{"@type":"ListItem","position":2,"name":"\u00c1frica do Sul"}]},{"@type":"WebSite","@id":"https:\/\/viajandoeclicando.com.br\/#website","url":"https:\/\/viajandoeclicando.com.br\/","name":"Viajando e Clicando","description":"Viagens e muitos cliques!","publisher":{"@id":"https:\/\/viajandoeclicando.com.br\/#organization"},"potentialAction":[{"@type":"SearchAction","target":{"@type":"EntryPoint","urlTemplate":"https:\/\/viajandoeclicando.com.br\/?s={search_term_string}"},"query-input":{"@type":"PropertyValueSpecification","valueRequired":true,"valueName":"search_term_string"}}],"inLanguage":"pt-BR"},{"@type":"Organization","@id":"https:\/\/viajandoeclicando.com.br\/#organization","name":"Viajando e Clicando","url":"https:\/\/viajandoeclicando.com.br\/","logo":{"@type":"ImageObject","inLanguage":"pt-BR","@id":"https:\/\/viajandoeclicando.com.br\/#\/schema\/logo\/image\/","url":"https:\/\/viajandoeclicando.com.br\/wp-content\/uploads\/2025\/12\/cropped-banner_viajandoClicando-site-2026.png","contentUrl":"https:\/\/viajandoeclicando.com.br\/wp-content\/uploads\/2025\/12\/cropped-banner_viajandoClicando-site-2026.png","width":253,"height":90,"caption":"Viajando e Clicando"},"image":{"@id":"https:\/\/viajandoeclicando.com.br\/#\/schema\/logo\/image\/"}}]}},"_links":{"self":[{"href":"https:\/\/viajandoeclicando.com.br\/index.php\/wp-json\/wp\/v2\/pages\/1782","targetHints":{"allow":["GET"]}}],"collection":[{"href":"https:\/\/viajandoeclicando.com.br\/index.php\/wp-json\/wp\/v2\/pages"}],"about":[{"href":"https:\/\/viajandoeclicando.com.br\/index.php\/wp-json\/wp\/v2\/types\/page"}],"author":[{"embeddable":true,"href":"https:\/\/viajandoeclicando.com.br\/index.php\/wp-json\/wp\/v2\/users\/5"}],"replies":[{"embeddable":true,"href":"https:\/\/viajandoeclicando.com.br\/index.php\/wp-json\/wp\/v2\/comments?post=1782"}],"version-history":[{"count":1,"href":"https:\/\/viajandoeclicando.com.br\/index.php\/wp-json\/wp\/v2\/pages\/1782\/revisions"}],"predecessor-version":[{"id":1783,"href":"https:\/\/viajandoeclicando.com.br\/index.php\/wp-json\/wp\/v2\/pages\/1782\/revisions\/1783"}],"wp:attachment":[{"href":"https:\/\/viajandoeclicando.com.br\/index.php\/wp-json\/wp\/v2\/media?parent=1782"}],"curies":[{"name":"wp","href":"https:\/\/api.w.org\/{rel}","templated":true}]}}